{"id":26,"date":"2026-02-21T12:05:04","date_gmt":"2026-02-21T11:05:04","guid":{"rendered":"https:\/\/ubezpieczeniowski.pl\/?page_id=26"},"modified":"2026-02-21T12:10:43","modified_gmt":"2026-02-21T11:10:43","slug":"kontakt","status":"publish","type":"page","link":"https:\/\/ubezpieczeniowski.pl\/index.php\/kontakt\/","title":{"rendered":"kontakt"},"content":{"rendered":"\n<section class=\"ubz-contact\">\n\n  <div class=\"ubz-contact__grid\">\n    <div class=\"ubz-contact__card\">\n      <h2>E-mail<\/h2>\n      <p>\n        <a class=\"ubz-contact__link\" href=\"mailto:online.ubezpieczeniowski@gmail.com\">\n          ubezpieczeniowski@gmail.com\n        <\/a>\n      <\/p>\n      <p class=\"ubz-contact__hint\">W tytule wska\u017c typ \/ rodzaj ubezpieczenia. \nPami\u0119taj \u017ceby w tre\u015bci poda\u0107 te\u017c sw\u00f3j telefon i email.<\/p>\n    <\/div>\n\n    <div class=\"ubz-contact__card\">\n      <h2>sms \/ WhatsApp<\/h2>\n      <p>\n        <a class=\"ubz-contact__link\" href=\"tel:789 363 008\">+48 789 363 008<\/a>\n      <\/p>\n      <p class=\"ubz-contact__hint\">Mo\u017cesz napisa\u0107 sms \/ WhatsApp.<\/p>\n    <\/div>\n\n    <div class=\"ubz-contact__card\">\n      <h2>Sprzeda\u017c online<\/h2>\n      <p>Je\u015bli wiesz, czego potrzebujesz, mo\u017cesz kupi\u0107 polis\u0119 online.<\/p>\n      <p>\n        <a class=\"ubz-btn ubz-btn--primary\" href=\"\/sprawdz-cene\">Sprawd\u017a cen\u0119<\/a>\n      <\/p>\n    <\/div>\n  <\/div>\n<\/section>\n","protected":false},"excerpt":{"rendered":"<p>E-mail ubezpieczeniowski@gmail.com W tytule wska\u017c typ \/ rodzaj ubezpieczenia. Pami\u0119taj \u017ceby w tre\u015bci poda\u0107 te\u017c sw\u00f3j telefon i email. sms [&hellip;]<\/p>\n","protected":false},"author":1,"featured_media":0,"parent":0,"menu_order":0,"comment_status":"closed","ping_status":"closed","template":"","meta":{"site-sidebar-layout":"default","site-content-layout":"","ast-site-content-layout":"default","site-content-style":"default","site-sidebar-style":"default","ast-global-header-display":"","ast-banner-title-visibility":"","ast-main-header-display":"","ast-hfb-above-header-display":"","ast-hfb-below-header-display":"","ast-hfb-mobile-header-display":"","site-post-title":"","ast-breadcrumbs-content":"","ast-featured-img":"","footer-sml-layout":"","ast-disable-related-posts":"","theme-transparent-header-meta":"","adv-header-id-meta":"","stick-header-meta":"","header-above-stick-meta":"","header-main-stick-meta":"","header-below-stick-meta":"","astra-migrate-meta-layouts":"default","ast-page-background-enabled":"default","ast-page-background-meta":{"desktop":{"background-color":"var(--ast-global-color-5)","background-image":"","background-repeat":"repeat","background-position":"center center","background-size":"auto","background-attachment":"scroll","background-type":"","background-media":"","overlay-type":"","overlay-color":"","overlay-opacity":"","overlay-gradient":""},"tablet":{"background-color":"","background-image":"","background-repeat":"repeat","background-position":"center center","background-size":"auto","background-attachment":"scroll","background-type":"","background-media":"","overlay-type":"","overlay-color":"","overlay-opacity":"","overlay-gradient":""},"mobile":{"background-color":"","background-image":"","background-repeat":"repeat","background-position":"center center","background-size":"auto","background-attachment":"scroll","background-type":"","background-media":"","overlay-type":"","overlay-color":"","overlay-opacity":"","overlay-gradient":""}},"ast-content-background-meta":{"desktop":{"background-color":"var(--ast-global-color-4)","background-image":"","background-repeat":"repeat","background-position":"center center","background-size":"auto","background-attachment":"scroll","background-type":"","background-media":"","overlay-type":"","overlay-color":"","overlay-opacity":"","overlay-gradient":""},"tablet":{"background-color":"var(--ast-global-color-4)","background-image":"","background-repeat":"repeat","background-position":"center center","background-size":"auto","background-attachment":"scroll","background-type":"","background-media":"","overlay-type":"","overlay-color":"","overlay-opacity":"","overlay-gradient":""},"mobile":{"background-color":"var(--ast-global-color-4)","background-image":"","background-repeat":"repeat","background-position":"center center","background-size":"auto","background-attachment":"scroll","background-type":"","background-media":"","overlay-type":"","overlay-color":"","overlay-opacity":"","overlay-gradient":""}},"footnotes":""},"class_list":["post-26","page","type-page","status-publish","hentry"],"_links":{"self":[{"href":"https:\/\/ubezpieczeniowski.pl\/index.php\/wp-json\/wp\/v2\/pages\/26","targetHints":{"allow":["GET"]}}],"collection":[{"href":"https:\/\/ubezpieczeniowski.pl\/index.php\/wp-json\/wp\/v2\/pages"}],"about":[{"href":"https:\/\/ubezpieczeniowski.pl\/index.php\/wp-json\/wp\/v2\/types\/page"}],"author":[{"embeddable":true,"href":"https:\/\/ubezpieczeniowski.pl\/index.php\/wp-json\/wp\/v2\/users\/1"}],"replies":[{"embeddable":true,"href":"https:\/\/ubezpieczeniowski.pl\/index.php\/wp-json\/wp\/v2\/comments?post=26"}],"version-history":[{"count":6,"href":"https:\/\/ubezpieczeniowski.pl\/index.php\/wp-json\/wp\/v2\/pages\/26\/revisions"}],"predecessor-version":[{"id":32,"href":"https:\/\/ubezpieczeniowski.pl\/index.php\/wp-json\/wp\/v2\/pages\/26\/revisions\/32"}],"wp:attachment":[{"href":"https:\/\/ubezpieczeniowski.pl\/index.php\/wp-json\/wp\/v2\/media?parent=26"}],"curies":[{"name":"wp","href":"https:\/\/api.w.org\/{rel}","templated":true}]}}